{"id":97825,"date":"2025-09-05T12:41:27","date_gmt":"2025-09-05T12:41:27","guid":{"rendered":"https:\/\/jorgezanoni.com.br\/2019\/?page_id=97825"},"modified":"2025-09-05T12:41:27","modified_gmt":"2025-09-05T12:41:27","slug":"aniversariantes-do-dia-05-09-25","status":"publish","type":"page","link":"https:\/\/jorgezanoni.com.br\/2019\/aniversariantes-do-dia-05-09-25\/","title":{"rendered":"Aniversariantes do Dia 05\/09\/25"},"content":{"rendered":"<p>O SITE JZ PARABENIZA OS ANIVERSARIANTES DE HOJE:<\/p>\n<p><img loading=\"lazy\" decoding=\"async\" class=\"alignnone size-full wp-image-97826\" src=\"https:\/\/jorgezanoni.com.br\/2019\/wp-content\/uploads\/2025\/09\/z-Carlos-Marcos-Faustino-1-Pequeno.jpg\" alt=\"\" width=\"392\" height=\"480\" srcset=\"https:\/\/jorgezanoni.com.br\/2019\/wp-content\/uploads\/2025\/09\/z-Carlos-Marcos-Faustino-1-Pequeno.jpg 392w, https:\/\/jorgezanoni.com.br\/2019\/wp-content\/uploads\/2025\/09\/z-Carlos-Marcos-Faustino-1-Pequeno-245x300.jpg 245w, https:\/\/jorgezanoni.com.br\/2019\/wp-content\/uploads\/2025\/09\/z-Carlos-Marcos-Faustino-1-Pequeno-343x420.jpg 343w\" sizes=\"auto, (max-width: 392px) 100vw, 392px\" \/>Carlos Marcos Faustino<\/p>\n<p><img loading=\"lazy\" decoding=\"async\" class=\"alignnone size-full wp-image-97827\" src=\"https:\/\/jorgezanoni.com.br\/2019\/wp-content\/uploads\/2025\/09\/z-Celia-Trevizan-de-Castro-1-Pequeno.jpg\" alt=\"\" width=\"339\" height=\"480\" srcset=\"https:\/\/jorgezanoni.com.br\/2019\/wp-content\/uploads\/2025\/09\/z-Celia-Trevizan-de-Castro-1-Pequeno.jpg 339w, https:\/\/jorgezanoni.com.br\/2019\/wp-content\/uploads\/2025\/09\/z-Celia-Trevizan-de-Castro-1-Pequeno-212x300.jpg 212w, https:\/\/jorgezanoni.com.br\/2019\/wp-content\/uploads\/2025\/09\/z-Celia-Trevizan-de-Castro-1-Pequeno-297x420.jpg 297w\" sizes=\"auto, (max-width: 339px) 100vw, 339px\" \/>C\u00e9lia Trevizam de Castro<\/p>\n<p><img loading=\"lazy\" decoding=\"async\" class=\"alignnone size-full wp-image-97828\" src=\"https:\/\/jorgezanoni.com.br\/2019\/wp-content\/uploads\/2025\/09\/z-Christiane-Patuto-Kovaleski-Pequeno.jpg\" alt=\"\" width=\"480\" height=\"480\" srcset=\"https:\/\/jorgezanoni.com.br\/2019\/wp-content\/uploads\/2025\/09\/z-Christiane-Patuto-Kovaleski-Pequeno.jpg 480w, https:\/\/jorgezanoni.com.br\/2019\/wp-content\/uploads\/2025\/09\/z-Christiane-Patuto-Kovaleski-Pequeno-300x300.jpg 300w, https:\/\/jorgezanoni.com.br\/2019\/wp-content\/uploads\/2025\/09\/z-Christiane-Patuto-Kovaleski-Pequeno-150x150.jpg 150w, https:\/\/jorgezanoni.com.br\/2019\/wp-content\/uploads\/2025\/09\/z-Christiane-Patuto-Kovaleski-Pequeno-420x420.jpg 420w\" sizes=\"auto, (max-width: 480px) 100vw, 480px\" \/>Christiane Patuto Kovaleski<\/p>\n<p><img loading=\"lazy\" decoding=\"async\" class=\"alignnone size-full wp-image-97829\" src=\"https:\/\/jorgezanoni.com.br\/2019\/wp-content\/uploads\/2025\/09\/z-Cida-mej-1-Pequeno.jpg\" alt=\"\" width=\"396\" height=\"480\" srcset=\"https:\/\/jorgezanoni.com.br\/2019\/wp-content\/uploads\/2025\/09\/z-Cida-mej-1-Pequeno.jpg 396w, https:\/\/jorgezanoni.com.br\/2019\/wp-content\/uploads\/2025\/09\/z-Cida-mej-1-Pequeno-248x300.jpg 248w, https:\/\/jorgezanoni.com.br\/2019\/wp-content\/uploads\/2025\/09\/z-Cida-mej-1-Pequeno-347x420.jpg 347w\" sizes=\"auto, (max-width: 396px) 100vw, 396px\" \/>Cida Orlando<\/p>\n<p><img loading=\"lazy\" decoding=\"async\" class=\"alignnone size-full wp-image-97830\" src=\"https:\/\/jorgezanoni.com.br\/2019\/wp-content\/uploads\/2025\/09\/z-Cida-Nunes-Cardoso-1-Pequeno.jpg\" alt=\"\" width=\"286\" height=\"480\" srcset=\"https:\/\/jorgezanoni.com.br\/2019\/wp-content\/uploads\/2025\/09\/z-Cida-Nunes-Cardoso-1-Pequeno.jpg 286w, https:\/\/jorgezanoni.com.br\/2019\/wp-content\/uploads\/2025\/09\/z-Cida-Nunes-Cardoso-1-Pequeno-179x300.jpg 179w, https:\/\/jorgezanoni.com.br\/2019\/wp-content\/uploads\/2025\/09\/z-Cida-Nunes-Cardoso-1-Pequeno-250x420.jpg 250w\" sizes=\"auto, (max-width: 286px) 100vw, 286px\" \/>Cida Nunes Cardoso<\/p>\n<p><img loading=\"lazy\" decoding=\"async\" class=\"alignnone size-full wp-image-97831\" src=\"https:\/\/jorgezanoni.com.br\/2019\/wp-content\/uploads\/2025\/09\/z-Elda-Leticia-Seabra-1-Pequeno.jpg\" alt=\"\" width=\"433\" height=\"480\" srcset=\"https:\/\/jorgezanoni.com.br\/2019\/wp-content\/uploads\/2025\/09\/z-Elda-Leticia-Seabra-1-Pequeno.jpg 433w, https:\/\/jorgezanoni.com.br\/2019\/wp-content\/uploads\/2025\/09\/z-Elda-Leticia-Seabra-1-Pequeno-271x300.jpg 271w, https:\/\/jorgezanoni.com.br\/2019\/wp-content\/uploads\/2025\/09\/z-Elda-Leticia-Seabra-1-Pequeno-379x420.jpg 379w\" sizes=\"auto, (max-width: 433px) 100vw, 433px\" \/>Elda Leticia Seabra<\/p>\n<p><img loading=\"lazy\" decoding=\"async\" class=\"alignnone size-full wp-image-97832\" src=\"https:\/\/jorgezanoni.com.br\/2019\/wp-content\/uploads\/2025\/09\/z-Gislene-Okina-1-Pequeno.jpg\" alt=\"\" width=\"373\" height=\"408\" srcset=\"https:\/\/jorgezanoni.com.br\/2019\/wp-content\/uploads\/2025\/09\/z-Gislene-Okina-1-Pequeno.jpg 373w, https:\/\/jorgezanoni.com.br\/2019\/wp-content\/uploads\/2025\/09\/z-Gislene-Okina-1-Pequeno-274x300.jpg 274w\" sizes=\"auto, (max-width: 373px) 100vw, 373px\" \/>Gislene Okina<\/p>\n<p><img loading=\"lazy\" decoding=\"async\" class=\"alignnone size-full wp-image-97833\" src=\"https:\/\/jorgezanoni.com.br\/2019\/wp-content\/uploads\/2025\/09\/z-Jose-Calixto-1-Pequeno.jpg\" alt=\"\" width=\"365\" height=\"480\" srcset=\"https:\/\/jorgezanoni.com.br\/2019\/wp-content\/uploads\/2025\/09\/z-Jose-Calixto-1-Pequeno.jpg 365w, https:\/\/jorgezanoni.com.br\/2019\/wp-content\/uploads\/2025\/09\/z-Jose-Calixto-1-Pequeno-228x300.jpg 228w, https:\/\/jorgezanoni.com.br\/2019\/wp-content\/uploads\/2025\/09\/z-Jose-Calixto-1-Pequeno-319x420.jpg 319w\" sizes=\"auto, (max-width: 365px) 100vw, 365px\" \/>Jos\u00e9 Calixto<\/p>\n<p><img loading=\"lazy\" decoding=\"async\" class=\"alignnone size-full wp-image-97834\" src=\"https:\/\/jorgezanoni.com.br\/2019\/wp-content\/uploads\/2025\/09\/z-Katia-Dimitropoulos-Pequeno.jpg\" alt=\"\" width=\"320\" height=\"320\" srcset=\"https:\/\/jorgezanoni.com.br\/2019\/wp-content\/uploads\/2025\/09\/z-Katia-Dimitropoulos-Pequeno.jpg 320w, https:\/\/jorgezanoni.com.br\/2019\/wp-content\/uploads\/2025\/09\/z-Katia-Dimitropoulos-Pequeno-300x300.jpg 300w, https:\/\/jorgezanoni.com.br\/2019\/wp-content\/uploads\/2025\/09\/z-Katia-Dimitropoulos-Pequeno-150x150.jpg 150w\" sizes=\"auto, (max-width: 320px) 100vw, 320px\" \/>K\u00e1tia Dimitrupoulos<\/p>\n<p><img loading=\"lazy\" decoding=\"async\" class=\"alignnone size-full wp-image-97835\" src=\"https:\/\/jorgezanoni.com.br\/2019\/wp-content\/uploads\/2025\/09\/z-Kelly-Gaspareto-Pequeno.jpg\" alt=\"\" width=\"480\" height=\"480\" srcset=\"https:\/\/jorgezanoni.com.br\/2019\/wp-content\/uploads\/2025\/09\/z-Kelly-Gaspareto-Pequeno.jpg 480w, https:\/\/jorgezanoni.com.br\/2019\/wp-content\/uploads\/2025\/09\/z-Kelly-Gaspareto-Pequeno-300x300.jpg 300w, https:\/\/jorgezanoni.com.br\/2019\/wp-content\/uploads\/2025\/09\/z-Kelly-Gaspareto-Pequeno-150x150.jpg 150w, https:\/\/jorgezanoni.com.br\/2019\/wp-content\/uploads\/2025\/09\/z-Kelly-Gaspareto-Pequeno-420x420.jpg 420w\" sizes=\"auto, (max-width: 480px) 100vw, 480px\" \/>Kely Gaspareto<\/p>\n<p><img loading=\"lazy\" decoding=\"async\" class=\"alignnone size-full wp-image-97836\" src=\"https:\/\/jorgezanoni.com.br\/2019\/wp-content\/uploads\/2025\/09\/z-Lusia-Santos-1-Pequeno.jpg\" alt=\"\" width=\"334\" height=\"480\" srcset=\"https:\/\/jorgezanoni.com.br\/2019\/wp-content\/uploads\/2025\/09\/z-Lusia-Santos-1-Pequeno.jpg 334w, https:\/\/jorgezanoni.com.br\/2019\/wp-content\/uploads\/2025\/09\/z-Lusia-Santos-1-Pequeno-209x300.jpg 209w, https:\/\/jorgezanoni.com.br\/2019\/wp-content\/uploads\/2025\/09\/z-Lusia-Santos-1-Pequeno-292x420.jpg 292w\" sizes=\"auto, (max-width: 334px) 100vw, 334px\" \/>Lusia Santos<\/p>\n<p><img loading=\"lazy\" decoding=\"async\" class=\"alignnone size-full wp-image-97837\" src=\"https:\/\/jorgezanoni.com.br\/2019\/wp-content\/uploads\/2025\/09\/z-Marcia-e-Ronaldo-1-Pequeno.jpg\" alt=\"\" width=\"413\" height=\"480\" srcset=\"https:\/\/jorgezanoni.com.br\/2019\/wp-content\/uploads\/2025\/09\/z-Marcia-e-Ronaldo-1-Pequeno.jpg 413w, https:\/\/jorgezanoni.com.br\/2019\/wp-content\/uploads\/2025\/09\/z-Marcia-e-Ronaldo-1-Pequeno-258x300.jpg 258w, https:\/\/jorgezanoni.com.br\/2019\/wp-content\/uploads\/2025\/09\/z-Marcia-e-Ronaldo-1-Pequeno-361x420.jpg 361w\" sizes=\"auto, (max-width: 413px) 100vw, 413px\" \/>Marcia e Ronaldo<\/p>\n<p><img loading=\"lazy\" decoding=\"async\" class=\"alignnone size-full wp-image-97838\" src=\"https:\/\/jorgezanoni.com.br\/2019\/wp-content\/uploads\/2025\/09\/z-Mari-Cotarelli-Pequeno.jpg\" alt=\"\" width=\"480\" height=\"480\" srcset=\"https:\/\/jorgezanoni.com.br\/2019\/wp-content\/uploads\/2025\/09\/z-Mari-Cotarelli-Pequeno.jpg 480w, https:\/\/jorgezanoni.com.br\/2019\/wp-content\/uploads\/2025\/09\/z-Mari-Cotarelli-Pequeno-300x300.jpg 300w, https:\/\/jorgezanoni.com.br\/2019\/wp-content\/uploads\/2025\/09\/z-Mari-Cotarelli-Pequeno-150x150.jpg 150w, https:\/\/jorgezanoni.com.br\/2019\/wp-content\/uploads\/2025\/09\/z-Mari-Cotarelli-Pequeno-420x420.jpg 420w\" sizes=\"auto, (max-width: 480px) 100vw, 480px\" \/>Mari Cotarelli<\/p>\n<p><img loading=\"lazy\" decoding=\"async\" class=\"alignnone size-full wp-image-97839\" src=\"https:\/\/jorgezanoni.com.br\/2019\/wp-content\/uploads\/2025\/09\/z-Nereide-Soares-Duarte-1-Pequeno.jpg\" alt=\"\" width=\"175\" height=\"206\" \/>Nereide Soares Duarte<\/p>\n<p><img loading=\"lazy\" decoding=\"async\" class=\"alignnone size-full wp-image-97840\" src=\"https:\/\/jorgezanoni.com.br\/2019\/wp-content\/uploads\/2025\/09\/z-Sandra-Almeida-Pequeno.jpg\" alt=\"\" width=\"482\" height=\"480\" srcset=\"https:\/\/jorgezanoni.com.br\/2019\/wp-content\/uploads\/2025\/09\/z-Sandra-Almeida-Pequeno.jpg 482w, https:\/\/jorgezanoni.com.br\/2019\/wp-content\/uploads\/2025\/09\/z-Sandra-Almeida-Pequeno-300x300.jpg 300w, https:\/\/jorgezanoni.com.br\/2019\/wp-content\/uploads\/2025\/09\/z-Sandra-Almeida-Pequeno-150x150.jpg 150w, https:\/\/jorgezanoni.com.br\/2019\/wp-content\/uploads\/2025\/09\/z-Sandra-Almeida-Pequeno-422x420.jpg 422w\" sizes=\"auto, (max-width: 482px) 100vw, 482px\" \/>Sandra Almeida<\/p>\n","protected":false},"excerpt":{"rendered":"<p>O SITE JZ PARABENIZA OS ANIVERSARIANTES DE HOJE: Carlos Marcos Faustino C\u00e9lia Trevizam de Castro Christiane Patuto Kovaleski Cida Orlando Cida Nunes Cardoso Elda Leticia Seabra Gislene Okina Jos\u00e9 Calixto K\u00e1tia Dimitrupoulos Kely Gaspareto Lusia Santos Marcia e Ronaldo Mari Cotarelli Nereide Soares Duarte Sandra Almeida<\/p>\n","protected":false},"author":1,"featured_media":97830,"parent":0,"menu_order":0,"comment_status":"closed","ping_status":"closed","template":"","meta":{"footnotes":""},"class_list":["post-97825","page","type-page","status-publish","has-post-thumbnail","hentry"],"_links":{"self":[{"href":"https:\/\/jorgezanoni.com.br\/2019\/wp-json\/wp\/v2\/pages\/97825","targetHints":{"allow":["GET"]}}],"collection":[{"href":"https:\/\/jorgezanoni.com.br\/2019\/wp-json\/wp\/v2\/pages"}],"about":[{"href":"https:\/\/jorgezanoni.com.br\/2019\/wp-json\/wp\/v2\/types\/page"}],"author":[{"embeddable":true,"href":"https:\/\/jorgezanoni.com.br\/2019\/wp-json\/wp\/v2\/users\/1"}],"replies":[{"embeddable":true,"href":"https:\/\/jorgezanoni.com.br\/2019\/wp-json\/wp\/v2\/comments?post=97825"}],"version-history":[{"count":1,"href":"https:\/\/jorgezanoni.com.br\/2019\/wp-json\/wp\/v2\/pages\/97825\/revisions"}],"predecessor-version":[{"id":97841,"href":"https:\/\/jorgezanoni.com.br\/2019\/wp-json\/wp\/v2\/pages\/97825\/revisions\/97841"}],"wp:featuredmedia":[{"embeddable":true,"href":"https:\/\/jorgezanoni.com.br\/2019\/wp-json\/wp\/v2\/media\/97830"}],"wp:attachment":[{"href":"https:\/\/jorgezanoni.com.br\/2019\/wp-json\/wp\/v2\/media?parent=97825"}],"curies":[{"name":"wp","href":"https:\/\/api.w.org\/{rel}","templated":true}]}}